{"id":496,"date":"2021-06-11T15:13:11","date_gmt":"2021-06-11T13:13:11","guid":{"rendered":"https:\/\/calandreta.establiment.fr\/banheras\/?page_id=496"},"modified":"2026-04-15T07:28:42","modified_gmt":"2026-04-15T05:28:42","slug":"presentacion-de-las-colas","status":"publish","type":"page","link":"https:\/\/banheras.establiment.fr\/?page_id=496","title":{"rendered":"Pr\u00e9sentation de l&rsquo;\u00e9quipe p\u00e9dagogique"},"content":{"rendered":"\t\t<div data-elementor-type=\"wp-page\" data-elementor-id=\"496\" class=\"elementor elementor-496\">\n\t\t\t\t\t\t<section class=\"elementor-section elementor-top-section elementor-element elementor-element-f13a488 elementor-section-boxed elementor-section-height-default elementor-section-height-default\" data-id=\"f13a488\" data-element_type=\"section\" data-e-type=\"section\">\n\t\t\t\t\t\t<div class=\"elementor-container elementor-column-gap-default\">\n\t\t\t\t\t<div class=\"elementor-column elementor-col-100 elementor-top-column elementor-element elementor-element-732c0ee\" data-id=\"732c0ee\" data-element_type=\"column\" data-e-type=\"column\">\n\t\t\t<div class=\"elementor-widget-wrap elementor-element-populated\">\n\t\t\t\t\t\t<div class=\"elementor-element elementor-element-45316e3 elementor-widget elementor-widget-heading\" data-id=\"45316e3\" data-element_type=\"widget\" data-e-type=\"widget\" data-widget_type=\"heading.default\">\n\t\t\t\t<div class=\"elementor-widget-container\">\n\t\t\t\t\t<h2 class=\"elementor-heading-title elementor-size-default\">Equipe p\u00e9dagogique<\/h2>\t\t\t\t<\/div>\n\t\t\t\t<\/div>\n\t\t\t\t\t<\/div>\n\t\t<\/div>\n\t\t\t\t\t<\/div>\n\t\t<\/section>\n\t\t\t\t<section class=\"elementor-section elementor-top-section elementor-element elementor-element-6a929f2 elementor-section-boxed elementor-section-height-default elementor-section-height-default\" data-id=\"6a929f2\" data-element_type=\"section\" data-e-type=\"section\">\n\t\t\t\t\t\t<div class=\"elementor-container elementor-column-gap-default\">\n\t\t\t\t\t<div class=\"elementor-column elementor-col-50 elementor-top-column elementor-element elementor-element-0cc22a6\" data-id=\"0cc22a6\" data-element_type=\"column\" data-e-type=\"column\">\n\t\t\t<div class=\"elementor-widget-wrap elementor-element-populated\">\n\t\t\t\t\t\t<div class=\"elementor-element elementor-element-e3fecea elementor-widget__width-initial elementor-widget elementor-widget-text-editor\" data-id=\"e3fecea\" data-element_type=\"widget\" data-e-type=\"widget\" data-widget_type=\"text-editor.default\">\n\t\t\t\t<div class=\"elementor-widget-container\">\n\t\t\t\t\t\t\t\t\t<ul><li><span style=\"color: #000000;\">Valerie Cazenave-Bernadou<\/span><\/li><li><span style=\"color: #000000;\">Anne-Sophie Lacassagne<\/span><\/li><li><span style=\"color: #000000;\">Bruno Fourcade<\/span><\/li><li><span style=\"color: #000000;\">Marie-Pierre Fourcade<\/span><\/li><li style=\"font-size: 14px;\"><span style=\"color: #000000;\">Ana\u00efs Abadie<\/span><\/li><li style=\"font-size: 14px;\"><span style=\"color: #000000;\">Aur\u00e9lie Lesquey<\/span><\/li><\/ul>\t\t\t\t\t\t\t\t<\/div>\n\t\t\t\t<\/div>\n\t\t\t\t\t<\/div>\n\t\t<\/div>\n\t\t\t\t<div class=\"elementor-column elementor-col-50 elementor-top-column elementor-element elementor-element-2e658ee\" data-id=\"2e658ee\" data-element_type=\"column\" data-e-type=\"column\">\n\t\t\t<div class=\"elementor-widget-wrap elementor-element-populated\">\n\t\t\t\t\t\t<div class=\"elementor-element elementor-element-7577dce elementor-widget__width-initial elementor-widget elementor-widget-text-editor\" data-id=\"7577dce\" data-element_type=\"widget\" data-e-type=\"widget\" data-widget_type=\"text-editor.default\">\n\t\t\t\t<div class=\"elementor-widget-container\">\n\t\t\t\t\t\t\t\t\t<p><strong><span style=\"color: #000000;\">Direction<\/span><\/strong><\/p><ul><li>Anne-Sophie Lacassagne<\/li><\/ul>\t\t\t\t\t\t\t\t<\/div>\n\t\t\t\t<\/div>\n\t\t\t\t\t<\/div>\n\t\t<\/div>\n\t\t\t\t\t<\/div>\n\t\t<\/section>\n\t\t\t\t<\/div>\n\t\t","protected":false},"excerpt":{"rendered":"<p>Equipe p\u00e9dagogique Valerie Cazenave-Bernadou Anne-Sophie Lacassagne Bruno Fourcade Marie-Pierre Fourcade Ana\u00efs Abadie Aur\u00e9lie Lesquey Direction Anne-Sophie Lacassagne<\/p>\n","protected":false},"author":2,"featured_media":0,"parent":0,"menu_order":0,"comment_status":"closed","ping_status":"closed","template":"","meta":{"footnotes":""},"class_list":["post-496","page","type-page","status-publish","hentry","entry"],"_links":{"self":[{"href":"https:\/\/banheras.establiment.fr\/index.php?rest_route=\/wp\/v2\/pages\/496","targetHints":{"allow":["GET"]}}],"collection":[{"href":"https:\/\/banheras.establiment.fr\/index.php?rest_route=\/wp\/v2\/pages"}],"about":[{"href":"https:\/\/banheras.establiment.fr\/index.php?rest_route=\/wp\/v2\/types\/page"}],"author":[{"embeddable":true,"href":"https:\/\/banheras.establiment.fr\/index.php?rest_route=\/wp\/v2\/users\/2"}],"replies":[{"embeddable":true,"href":"https:\/\/banheras.establiment.fr\/index.php?rest_route=%2Fwp%2Fv2%2Fcomments&post=496"}],"version-history":[{"count":33,"href":"https:\/\/banheras.establiment.fr\/index.php?rest_route=\/wp\/v2\/pages\/496\/revisions"}],"predecessor-version":[{"id":1216,"href":"https:\/\/banheras.establiment.fr\/index.php?rest_route=\/wp\/v2\/pages\/496\/revisions\/1216"}],"wp:attachment":[{"href":"https:\/\/banheras.establiment.fr\/index.php?rest_route=%2Fwp%2Fv2%2Fmedia&parent=496"}],"curies":[{"name":"wp","href":"https:\/\/api.w.org\/{rel}","templated":true}]}}