{"id":931,"date":"2023-06-12T14:30:41","date_gmt":"2023-06-12T12:30:41","guid":{"rendered":"https:\/\/calandreta.establiment.fr\/banheras\/?page_id=931"},"modified":"2024-11-19T09:15:42","modified_gmt":"2024-11-19T08:15:42","slug":"questions-praticas-2","status":"publish","type":"page","link":"https:\/\/banheras.establiment.fr\/?page_id=931","title":{"rendered":"Questions praticas"},"content":{"rendered":"\t\t<div data-elementor-type=\"wp-page\" data-elementor-id=\"931\" class=\"elementor elementor-931\">\n\t\t\t\t\t\t<section class=\"elementor-section elementor-top-section elementor-element elementor-element-233b629 elementor-section-boxed elementor-section-height-default elementor-section-height-default\" data-id=\"233b629\" data-element_type=\"section\" data-e-type=\"section\">\n\t\t\t\t\t\t<div class=\"elementor-container elementor-column-gap-default\">\n\t\t\t\t\t<div class=\"elementor-column elementor-col-100 elementor-top-column elementor-element elementor-element-1c5de9c\" data-id=\"1c5de9c\" data-element_type=\"column\" data-e-type=\"column\">\n\t\t\t<div class=\"elementor-widget-wrap elementor-element-populated\">\n\t\t\t\t\t\t<div class=\"elementor-element elementor-element-5813d62 elementor-widget elementor-widget-heading\" data-id=\"5813d62\" data-element_type=\"widget\" data-e-type=\"widget\" data-widget_type=\"heading.default\">\n\t\t\t\t<div class=\"elementor-widget-container\">\n\t\t\t\t\t<h2 class=\"elementor-heading-title elementor-size-default\"><h2 data-elementor-setting-key=\"title\" data-pen-placeholder=\"\u00c9crivez ici...\" style=\"font-family: var( --e-global-typography-primary-font-family ), Sans-serif;font-style: normal;font-weight: var( --e-global-typography-primary-font-weight )\">Quin inscriver eth voste mainat ?<\/h2><\/h2>\t\t\t\t<\/div>\n\t\t\t\t<\/div>\n\t\t\t\t<div class=\"elementor-element elementor-element-e903435 elementor-widget elementor-widget-text-editor\" data-id=\"e903435\" data-element_type=\"widget\" data-e-type=\"widget\" data-widget_type=\"text-editor.default\">\n\t\t\t\t<div class=\"elementor-widget-container\">\n\t\t\t\t\t\t\t\t\t<p>Que cau prenner arrend\u00e8tz-vos dab eths arregents\u00a0 per meil o per telef\u00f2n e emplear era fica de preinscripcion\u00a0<\/p><p><a href=\"https:\/\/banheras.establiment.fr\/wp-content\/uploads\/2024\/11\/document-de-pre-inscription-PDF-1.pdf\">document de pr\u00e9-inscripcion<\/a><\/p>\t\t\t\t\t\t\t\t<\/div>\n\t\t\t\t<\/div>\n\t\t\t\t\t<\/div>\n\t\t<\/div>\n\t\t\t\t\t<\/div>\n\t\t<\/section>\n\t\t\t\t<section class=\"elementor-section elementor-top-section elementor-element elementor-element-8f98950 elementor-section-boxed elementor-section-height-default elementor-section-height-default\" data-id=\"8f98950\" data-element_type=\"section\" data-e-type=\"section\">\n\t\t\t\t\t\t<div class=\"elementor-container elementor-column-gap-default\">\n\t\t\t\t\t<div class=\"elementor-column elementor-col-100 elementor-top-column elementor-element elementor-element-03e6120\" data-id=\"03e6120\" data-element_type=\"column\" data-e-type=\"column\">\n\t\t\t<div class=\"elementor-widget-wrap elementor-element-populated\">\n\t\t\t\t\t\t<div class=\"elementor-element elementor-element-4d432ac elementor-widget elementor-widget-heading\" data-id=\"4d432ac\" data-element_type=\"widget\" data-e-type=\"widget\" data-widget_type=\"heading.default\">\n\t\t\t\t<div class=\"elementor-widget-container\">\n\t\t\t\t\t<h2 class=\"elementor-heading-title elementor-size-default\">Eth periscolaire<\/h2>\t\t\t\t<\/div>\n\t\t\t\t<\/div>\n\t\t\t\t<div class=\"elementor-element elementor-element-d8092cf elementor-widget elementor-widget-text-editor\" data-id=\"d8092cf\" data-element_type=\"widget\" data-e-type=\"widget\" data-widget_type=\"text-editor.default\">\n\t\t\t\t<div class=\"elementor-widget-container\">\n\t\t\t\t\t\t\t\t\t<p>Er&rsquo;esc\u00f2la que disposa d&rsquo;ua Garderia peth arcu\u00e8lh periscolar deths Calandrons de 7h30 dinc a 18h30<\/p>\t\t\t\t\t\t\t\t<\/div>\n\t\t\t\t<\/div>\n\t\t\t\t\t<\/div>\n\t\t<\/div>\n\t\t\t\t\t<\/div>\n\t\t<\/section>\n\t\t\t\t<\/div>\n\t\t","protected":false},"excerpt":{"rendered":"<p>Quin inscriver eth voste mainat ? Que cau prenner arrend\u00e8tz-vos dab eths arregents\u00a0 per meil o per telef\u00f2n e emplear era fica de preinscripcion\u00a0 document de pr\u00e9-inscripcion Eth periscolaire Er&rsquo;esc\u00f2la que disposa d&rsquo;ua Garderia peth arcu\u00e8lh periscolar deths Calandrons de 7h30 dinc a 18h30<\/p>\n","protected":false},"author":2,"featured_media":0,"parent":0,"menu_order":0,"comment_status":"closed","ping_status":"closed","template":"","meta":{"footnotes":""},"class_list":["post-931","page","type-page","status-publish","hentry","entry"],"_links":{"self":[{"href":"https:\/\/banheras.establiment.fr\/index.php?rest_route=\/wp\/v2\/pages\/931","targetHints":{"allow":["GET"]}}],"collection":[{"href":"https:\/\/banheras.establiment.fr\/index.php?rest_route=\/wp\/v2\/pages"}],"about":[{"href":"https:\/\/banheras.establiment.fr\/index.php?rest_route=\/wp\/v2\/types\/page"}],"author":[{"embeddable":true,"href":"https:\/\/banheras.establiment.fr\/index.php?rest_route=\/wp\/v2\/users\/2"}],"replies":[{"embeddable":true,"href":"https:\/\/banheras.establiment.fr\/index.php?rest_route=%2Fwp%2Fv2%2Fcomments&post=931"}],"version-history":[{"count":23,"href":"https:\/\/banheras.establiment.fr\/index.php?rest_route=\/wp\/v2\/pages\/931\/revisions"}],"predecessor-version":[{"id":1106,"href":"https:\/\/banheras.establiment.fr\/index.php?rest_route=\/wp\/v2\/pages\/931\/revisions\/1106"}],"wp:attachment":[{"href":"https:\/\/banheras.establiment.fr\/index.php?rest_route=%2Fwp%2Fv2%2Fmedia&parent=931"}],"curies":[{"name":"wp","href":"https:\/\/api.w.org\/{rel}","templated":true}]}}